{"id":75,"date":"2020-06-01T21:49:58","date_gmt":"2020-06-01T18:49:58","guid":{"rendered":"https:\/\/sifrebilgisayar.com\/?page_id=75"},"modified":"2022-08-30T23:26:10","modified_gmt":"2022-08-30T20:26:10","slug":"cozumleriimiz","status":"publish","type":"page","link":"https:\/\/sifrebilgisayar.com\/index.php\/cozumleriimiz\/","title":{"rendered":"\u00c7\u00f6z\u00fcmlerimiz"},"content":{"rendered":"<div class=\"wp-block-image\">\n<figure class=\"alignleft size-full is-resized\"><img loading=\"lazy\" decoding=\"async\" src=\"https:\/\/sifrebilgisayar.com\/wp-content\/uploads\/2020\/09\/logo.png\" alt=\"\" class=\"wp-image-132\" width=\"390\" height=\"82\"\/><figcaption><strong>Opak ERP Yaz\u0131l\u0131mlar\u0131<\/strong><\/figcaption><\/figure><\/div>\n\n<div class=\"wp-block-image\">\n<figure class=\"alignright size-full is-resized\"><img loading=\"lazy\" decoding=\"async\" src=\"https:\/\/sifrebilgisayar.com\/wp-content\/uploads\/2022\/08\/image.png\" alt=\"\" class=\"wp-image-163\" width=\"278\" height=\"277\" srcset=\"https:\/\/sifrebilgisayar.com\/wp-content\/uploads\/2022\/08\/image.png 692w, https:\/\/sifrebilgisayar.com\/wp-content\/uploads\/2022\/08\/image-250x250.png 250w, https:\/\/sifrebilgisayar.com\/wp-content\/uploads\/2022\/08\/image-100x100.png 100w, https:\/\/sifrebilgisayar.com\/wp-content\/uploads\/2022\/08\/image-300x300.png 300w, https:\/\/sifrebilgisayar.com\/wp-content\/uploads\/2022\/08\/image-150x150.png 150w\" sizes=\"auto, (max-width: 278px) 100vw, 278px\" \/><figcaption><strong>TamSoft Bulut ERP Yaz\u0131l\u0131mlar\u0131<\/strong><\/figcaption><\/figure><\/div>","protected":false},"excerpt":{"rendered":"","protected":false},"author":1,"featured_media":0,"parent":0,"menu_order":0,"comment_status":"closed","ping_status":"closed","template":"","meta":{"footnotes":""},"class_list":["post-75","page","type-page","status-publish","hentry"],"jetpack_sharing_enabled":true,"_links":{"self":[{"href":"https:\/\/sifrebilgisayar.com\/index.php\/wp-json\/wp\/v2\/pages\/75","targetHints":{"allow":["GET"]}}],"collection":[{"href":"https:\/\/sifrebilgisayar.com\/index.php\/wp-json\/wp\/v2\/pages"}],"about":[{"href":"https:\/\/sifrebilgisayar.com\/index.php\/wp-json\/wp\/v2\/types\/page"}],"author":[{"embeddable":true,"href":"https:\/\/sifrebilgisayar.com\/index.php\/wp-json\/wp\/v2\/users\/1"}],"replies":[{"embeddable":true,"href":"https:\/\/sifrebilgisayar.com\/index.php\/wp-json\/wp\/v2\/comments?post=75"}],"version-history":[{"count":7,"href":"https:\/\/sifrebilgisayar.com\/index.php\/wp-json\/wp\/v2\/pages\/75\/revisions"}],"predecessor-version":[{"id":175,"href":"https:\/\/sifrebilgisayar.com\/index.php\/wp-json\/wp\/v2\/pages\/75\/revisions\/175"}],"wp:attachment":[{"href":"https:\/\/sifrebilgisayar.com\/index.php\/wp-json\/wp\/v2\/media?parent=75"}],"curies":[{"name":"wp","href":"https:\/\/api.w.org\/{rel}","templated":true}]}}