{"id":43,"date":"2020-06-01T21:45:40","date_gmt":"2020-06-01T18:45:40","guid":{"rendered":"https:\/\/sifrebilgisayar.com\/?page_id=43"},"modified":"2020-06-01T23:01:31","modified_gmt":"2020-06-01T20:01:31","slug":"hakkimizda","status":"publish","type":"page","link":"https:\/\/sifrebilgisayar.com\/index.php\/hakkimizda\/","title":{"rendered":"Hakk\u0131m\u0131zda"},"content":{"rendered":"\n<p>\u015eifre Bilgisayar 2006 y\u0131l\u0131nda Mersin &#8216;de kurulmu\u015f olup 1990 lar\u0131n ba\u015f\u0131ndan beri elde etmi\u015f oldu\u011fu bilgi ve tecr\u00fcbelerini siz de\u011ferli m\u00fc\u015fterilerimizin bili\u015fim altyap\u0131s\u0131n\u0131n devaml\u0131l\u0131\u011f\u0131 ve g\u00fcvenli\u011fi i\u00e7in kullanmaktad\u0131r.<\/p>\n","protected":false},"excerpt":{"rendered":"<p>\u015eifre Bilgisayar 2006 y\u0131l\u0131nda Mersin &#8216;de kurulmu\u015f olup 1990 lar\u0131n ba\u015f\u0131ndan beri elde etmi\u015f oldu\u011fu bilgi ve tecr\u00fcbelerini siz de\u011ferli m\u00fc\u015fterilerimizin bili\u015fim altyap\u0131s\u0131n\u0131n devaml\u0131l\u0131\u011f\u0131 ve g\u00fcvenli\u011fi i\u00e7in kullanmaktad\u0131r.<\/p>\n","protected":false},"author":1,"featured_media":0,"parent":0,"menu_order":0,"comment_status":"closed","ping_status":"closed","template":"","meta":{"footnotes":""},"class_list":["post-43","page","type-page","status-publish","hentry"],"jetpack_sharing_enabled":true,"_links":{"self":[{"href":"https:\/\/sifrebilgisayar.com\/index.php\/wp-json\/wp\/v2\/pages\/43","targetHints":{"allow":["GET"]}}],"collection":[{"href":"https:\/\/sifrebilgisayar.com\/index.php\/wp-json\/wp\/v2\/pages"}],"about":[{"href":"https:\/\/sifrebilgisayar.com\/index.php\/wp-json\/wp\/v2\/types\/page"}],"author":[{"embeddable":true,"href":"https:\/\/sifrebilgisayar.com\/index.php\/wp-json\/wp\/v2\/users\/1"}],"replies":[{"embeddable":true,"href":"https:\/\/sifrebilgisayar.com\/index.php\/wp-json\/wp\/v2\/comments?post=43"}],"version-history":[{"count":2,"href":"https:\/\/sifrebilgisayar.com\/index.php\/wp-json\/wp\/v2\/pages\/43\/revisions"}],"predecessor-version":[{"id":127,"href":"https:\/\/sifrebilgisayar.com\/index.php\/wp-json\/wp\/v2\/pages\/43\/revisions\/127"}],"wp:attachment":[{"href":"https:\/\/sifrebilgisayar.com\/index.php\/wp-json\/wp\/v2\/media?parent=43"}],"curies":[{"name":"wp","href":"https:\/\/api.w.org\/{rel}","templated":true}]}}