{"id":205,"date":"2023-12-20T11:23:27","date_gmt":"2023-12-20T08:23:27","guid":{"rendered":"https:\/\/sifrebilgisayar.com\/?page_id=205"},"modified":"2024-01-09T11:47:13","modified_gmt":"2024-01-09T08:47:13","slug":"evobulut-bulut-tabanli-erp-yazilimlari","status":"publish","type":"page","link":"https:\/\/sifrebilgisayar.com\/","title":{"rendered":"EvoBulut Bulut Tabanl\u0131 ERP Yaz\u0131l\u0131mlar\u0131"},"content":{"rendered":"\n<p>EvoBulut ile \u0130\u015fletmezini buluta ta\u015f\u0131mak bi t\u0131k \u00f6n\u00fcn\u00fczde.<\/p>\n\n\n\n<p>A\u015fa\u011f\u0131daki linki t\u0131klayarak EvoBulut D\u00fcnyas\u0131na hemen giri\u015f yapabilirsiniz.<\/p>\n\n\n\n<div class=\"wp-block-group is-nowrap is-layout-flex wp-container-core-group-is-layout-ad2f72ca wp-block-group-is-layout-flex\"><div class=\"wp-block-image\">\n<figure class=\"alignleft size-full is-resized\"><a href=\"https:\/\/web.evobulut.com\/register.html?bayi=sifrebilgisayar\" target=\"_blank\" rel=\"noreferrer noopener\"><img loading=\"lazy\" decoding=\"async\" width=\"343\" height=\"147\" src=\"https:\/\/sifrebilgisayar.com\/wp-content\/uploads\/2023\/12\/ucretsizkayit.jpeg\" alt=\"\" class=\"wp-image-219\" style=\"aspect-ratio:2.3333333333333335;width:196px;height:auto\" srcset=\"https:\/\/sifrebilgisayar.com\/wp-content\/uploads\/2023\/12\/ucretsizkayit.jpeg 343w, https:\/\/sifrebilgisayar.com\/wp-content\/uploads\/2023\/12\/ucretsizkayit-300x129.jpeg 300w\" sizes=\"auto, (max-width: 343px) 100vw, 343px\" \/><\/a><\/figure><\/div><\/div>\n\n\n\n<div class=\"wp-block-columns is-layout-flex wp-container-core-columns-is-layout-9d6595d7 wp-block-columns-is-layout-flex\">\n<div class=\"wp-block-column is-layout-flow wp-block-column-is-layout-flow\">\n<div class=\"wp-block-columns is-layout-flex wp-container-core-columns-is-layout-9d6595d7 wp-block-columns-is-layout-flex\">\n<div class=\"wp-block-column is-layout-flow wp-block-column-is-layout-flow\"><\/div>\n\n\n\n<div class=\"wp-block-column is-layout-flow wp-block-column-is-layout-flow\">\n<figure class=\"wp-block-image size-large is-resized\"><img loading=\"lazy\" decoding=\"async\" width=\"1024\" height=\"1024\" src=\"https:\/\/sifrebilgisayar.com\/wp-content\/uploads\/2023\/12\/Evobulut_Logo-1024x1024.png\" alt=\"\" class=\"wp-image-206\" style=\"aspect-ratio:1;width:239px;height:auto\" srcset=\"https:\/\/sifrebilgisayar.com\/wp-content\/uploads\/2023\/12\/Evobulut_Logo-1024x1024.png 1024w, https:\/\/sifrebilgisayar.com\/wp-content\/uploads\/2023\/12\/Evobulut_Logo-250x250.png 250w, https:\/\/sifrebilgisayar.com\/wp-content\/uploads\/2023\/12\/Evobulut_Logo-100x100.png 100w, https:\/\/sifrebilgisayar.com\/wp-content\/uploads\/2023\/12\/Evobulut_Logo-350x350.png 350w, https:\/\/sifrebilgisayar.com\/wp-content\/uploads\/2023\/12\/Evobulut_Logo-300x300.png 300w, https:\/\/sifrebilgisayar.com\/wp-content\/uploads\/2023\/12\/Evobulut_Logo-150x150.png 150w, https:\/\/sifrebilgisayar.com\/wp-content\/uploads\/2023\/12\/Evobulut_Logo-768x768.png 768w, https:\/\/sifrebilgisayar.com\/wp-content\/uploads\/2023\/12\/Evobulut_Logo.png 1080w\" sizes=\"auto, (max-width: 767px) 89vw, (max-width: 1000px) 54vw, (max-width: 1071px) 543px, 580px\" \/><\/figure>\n<\/div>\n<\/div>\n<\/div>\n<\/div>\n\n\n\n<p><\/p>\n","protected":false},"excerpt":{"rendered":"<p>EvoBulut ile \u0130\u015fletmezini buluta ta\u015f\u0131mak bi t\u0131k \u00f6n\u00fcn\u00fczde. A\u015fa\u011f\u0131daki linki t\u0131klayarak EvoBulut D\u00fcnyas\u0131na hemen giri\u015f yapabilirsiniz.<\/p>\n","protected":false},"author":1,"featured_media":206,"parent":0,"menu_order":0,"comment_status":"closed","ping_status":"closed","template":"","meta":{"footnotes":""},"class_list":["post-205","page","type-page","status-publish","has-post-thumbnail","hentry"],"jetpack_sharing_enabled":true,"_links":{"self":[{"href":"https:\/\/sifrebilgisayar.com\/index.php\/wp-json\/wp\/v2\/pages\/205","targetHints":{"allow":["GET"]}}],"collection":[{"href":"https:\/\/sifrebilgisayar.com\/index.php\/wp-json\/wp\/v2\/pages"}],"about":[{"href":"https:\/\/sifrebilgisayar.com\/index.php\/wp-json\/wp\/v2\/types\/page"}],"author":[{"embeddable":true,"href":"https:\/\/sifrebilgisayar.com\/index.php\/wp-json\/wp\/v2\/users\/1"}],"replies":[{"embeddable":true,"href":"https:\/\/sifrebilgisayar.com\/index.php\/wp-json\/wp\/v2\/comments?post=205"}],"version-history":[{"count":9,"href":"https:\/\/sifrebilgisayar.com\/index.php\/wp-json\/wp\/v2\/pages\/205\/revisions"}],"predecessor-version":[{"id":240,"href":"https:\/\/sifrebilgisayar.com\/index.php\/wp-json\/wp\/v2\/pages\/205\/revisions\/240"}],"wp:featuredmedia":[{"embeddable":true,"href":"https:\/\/sifrebilgisayar.com\/index.php\/wp-json\/wp\/v2\/media\/206"}],"wp:attachment":[{"href":"https:\/\/sifrebilgisayar.com\/index.php\/wp-json\/wp\/v2\/media?parent=205"}],"curies":[{"name":"wp","href":"https:\/\/api.w.org\/{rel}","templated":true}]}}